{"id":15533,"date":"2016-05-11T13:49:10","date_gmt":"2016-05-11T13:49:10","guid":{"rendered":"http:\/\/wpoffice\/enfold-fitness\/?page_id=515"},"modified":"2024-07-24T21:36:05","modified_gmt":"2024-07-24T21:36:05","slug":"nosotros","status":"publish","type":"page","link":"https:\/\/metcorpperu.com\/?page_id=15533","title":{"rendered":"Nosotros"},"content":{"rendered":"<div id='av_section_1'  class='avia-section av-dmb4kr1-76f887b2562b8453a650bc34a961de8a main_color avia-section-large avia-no-border-styling  avia-builder-el-0  el_before_av_layout_row  avia-builder-el-first  avia-bg-style-scroll container_wrap sidebar_right'  ><div class='container av-section-cont-open' ><main  role=\"main\" itemprop=\"mainContentOfPage\"  class='template-page content  av-content-small alpha units'><div class='post-entry post-entry-type-page post-entry-15533'><div class='entry-content-wrapper clearfix'>\n\n<style type=\"text\/css\" data-created_by=\"avia_inline_auto\" id=\"style-css-av-cxzosul-441366a8918551526d6e5851f300bf26\">\n#top .av-special-heading.av-cxzosul-441366a8918551526d6e5851f300bf26{\npadding-bottom:30px;\nfont-size:70px;\n}\nbody .av-special-heading.av-cxzosul-441366a8918551526d6e5851f300bf26 .av-special-heading-tag .heading-char{\nfont-size:25px;\n}\n#top #wrap_all .av-special-heading.av-cxzosul-441366a8918551526d6e5851f300bf26 .av-special-heading-tag{\nfont-size:70px;\n}\n.av-special-heading.av-cxzosul-441366a8918551526d6e5851f300bf26 .av-subheading{\nfont-size:15px;\n}\n\n@media only screen and (min-width: 480px) and (max-width: 767px){ \n#top #wrap_all .av-special-heading.av-cxzosul-441366a8918551526d6e5851f300bf26 .av-special-heading-tag{\nfont-size:0.8em;\n}\n}\n\n@media only screen and (max-width: 479px){ \n#top #wrap_all .av-special-heading.av-cxzosul-441366a8918551526d6e5851f300bf26 .av-special-heading-tag{\nfont-size:0.8em;\n}\n}\n<\/style>\n<div  class='av-special-heading av-cxzosul-441366a8918551526d6e5851f300bf26 av-special-heading-h1 blockquote modern-quote  avia-builder-el-1  el_before_av_one_half  avia-builder-el-first  av-thin-font av-inherit-size'><h1 class='av-special-heading-tag '  itemprop=\"headline\"  >NOSOTROS<strong>.<\/strong><\/h1><div class=\"special-heading-border\"><div class=\"special-heading-inner-border\"><\/div><\/div><\/div>\n\n<style type=\"text\/css\" data-created_by=\"avia_inline_auto\" id=\"style-css-av-ci052ct-fb7b08490c83dc5ca7a5f76c612cd0bc\">\n.flex_column.av-ci052ct-fb7b08490c83dc5ca7a5f76c612cd0bc{\nborder-radius:0px 0px 0px 0px;\npadding:0px 0px 0px 0px;\n}\n<\/style>\n<div  class='flex_column av-ci052ct-fb7b08490c83dc5ca7a5f76c612cd0bc av_one_half  avia-builder-el-2  el_after_av_heading  el_before_av_one_half  first flex_column_div av-zero-column-padding  '     ><section  class='av_textblock_section av-c0rre0d-fb25eec316c41a3520b789950ad44a1a '   itemscope=\"itemscope\" itemtype=\"https:\/\/schema.org\/CreativeWork\" ><div class='avia_textblock'  itemprop=\"text\" ><p style=\"text-align: justify;\"><strong>METCORP<\/strong> es una empresa dedicada a la Fabricaci\u00f3n de Exhibidores y nos hemos especializado en satisfacer las necesidades de los clientes, ofreci\u00e9ndoles apoyo, asesor\u00eda en los dise\u00f1os y fabricaci\u00f3n directa de los productos, garantizando calidad, buenos precios, puntualidad en la entrega de los productos y atenci\u00f3n post venta.<\/p>\n<p style=\"text-align: justify;\">Contamos con capacidad instalada para dise\u00f1ar y fabricar la soluci\u00f3n mas adecuada a sus necesidades. Trabajamos con diversidad de Materiales, Alambre, Tubos, Laminas, MDF, Poliestireno, Acr\u00edlico, Madera, etc.<\/p>\n<\/div><\/section><br \/>\n\n<style type=\"text\/css\" data-created_by=\"avia_inline_auto\" id=\"style-css-av-bk4tbfx-75975c30bdef79aa8a8282f21ce02c23\">\n#top .hr.hr-invisible.av-bk4tbfx-75975c30bdef79aa8a8282f21ce02c23{\nheight:30px;\n}\n<\/style>\n<div  class='hr av-bk4tbfx-75975c30bdef79aa8a8282f21ce02c23 hr-invisible  avia-builder-el-4  el_after_av_textblock  avia-builder-el-last '><span class='hr-inner '><span class=\"hr-inner-style\"><\/span><\/span><\/div><\/p><\/div>\n<style type=\"text\/css\" data-created_by=\"avia_inline_auto\" id=\"style-css-av-aswne8d-153a425ef37dea2bb2153243b0e64632\">\n.flex_column.av-aswne8d-153a425ef37dea2bb2153243b0e64632{\nborder-radius:0px 0px 0px 0px;\npadding:0px 0px 0px 0px;\n}\n<\/style>\n<div  class='flex_column av-aswne8d-153a425ef37dea2bb2153243b0e64632 av_one_half  avia-builder-el-5  el_after_av_one_half  avia-builder-el-last  flex_column_div av-zero-column-padding  '     ><p>\n<style type=\"text\/css\" data-created_by=\"avia_inline_auto\" id=\"style-css-av-7673ylp-6043c40b740590fdc62a282249c771fb\">\n#top .av-special-heading.av-7673ylp-6043c40b740590fdc62a282249c771fb{\npadding-bottom:20px;\nfont-size:50px;\n}\nbody .av-special-heading.av-7673ylp-6043c40b740590fdc62a282249c771fb .av-special-heading-tag .heading-char{\nfont-size:25px;\n}\n#top #wrap_all .av-special-heading.av-7673ylp-6043c40b740590fdc62a282249c771fb .av-special-heading-tag{\nfont-size:50px;\n}\n.av-special-heading.av-7673ylp-6043c40b740590fdc62a282249c771fb .av-subheading{\nfont-size:15px;\n}\n\n@media only screen and (min-width: 480px) and (max-width: 767px){ \n#top #wrap_all .av-special-heading.av-7673ylp-6043c40b740590fdc62a282249c771fb .av-special-heading-tag{\nfont-size:0.8em;\n}\n}\n\n@media only screen and (max-width: 479px){ \n#top #wrap_all .av-special-heading.av-7673ylp-6043c40b740590fdc62a282249c771fb .av-special-heading-tag{\nfont-size:0.8em;\n}\n}\n<\/style>\n<div  class='av-special-heading av-7673ylp-6043c40b740590fdc62a282249c771fb av-special-heading-h1 blockquote modern-quote  avia-builder-el-6  el_before_av_hr  avia-builder-el-first  av-inherit-size'><h1 class='av-special-heading-tag '  itemprop=\"headline\"  >L\u00cdDERES EN FABRICACI\u00d3N DE EXHIBIDORES<\/h1><div class=\"special-heading-border\"><div class=\"special-heading-inner-border\"><\/div><\/div><\/div><br \/>\n\n<style type=\"text\/css\" data-created_by=\"avia_inline_auto\" id=\"style-css-av-9y4jf4d-0cbb69fe1ea1188dbf3e3a433b6a17b9\">\n#top .hr.hr-invisible.av-9y4jf4d-0cbb69fe1ea1188dbf3e3a433b6a17b9{\nheight:30px;\n}\n<\/style>\n<div  class='hr av-9y4jf4d-0cbb69fe1ea1188dbf3e3a433b6a17b9 hr-invisible  avia-builder-el-7  el_after_av_heading  avia-builder-el-last '><span class='hr-inner '><span class=\"hr-inner-style\"><\/span><\/span><\/div><\/p><\/div><\/div><\/div><\/main><!-- close content main element --><\/div><\/div><div id='av-layout-grid-1'  class='av-layout-grid-container av-vcpwml-7e496bb00ef9481f6318f2beeb5ee5d8 entry-content-wrapper alternate_color av-flex-cells  avia-builder-el-8  el_after_av_section  avia-builder-el-last  grid-row-not-first  container_wrap sidebar_right'  >\n\n<style type=\"text\/css\" data-created_by=\"avia_inline_auto\" id=\"style-css-av-88yffxp-c29c2776a486848e54f9da7374cb20e5\">\n.flex_cell.av-88yffxp-c29c2776a486848e54f9da7374cb20e5{\nvertical-align:middle;\nbackground:url(https:\/\/metcorpperu.com\/wp-content\/uploads\/2022\/02\/exhibidore2222s-1030x494.jpg) 0% 50% no-repeat scroll ;\n}\n.responsive #top #wrap_all .flex_cell.av-88yffxp-c29c2776a486848e54f9da7374cb20e5{\npadding:0px 0px 0px 0px !important;\n}\n<\/style>\n<div class='flex_cell av-88yffxp-c29c2776a486848e54f9da7374cb20e5 av-gridrow-cell av_one_half no_margin  avia-builder-el-9  el_before_av_cell_one_half  avia-builder-el-first  av-zero-padding avia-full-stretch'  ><div class='flex_cell_inner'><\/div><\/div>\n<style type=\"text\/css\" data-created_by=\"avia_inline_auto\" id=\"style-css-av-r111xp-c7046817f86863c5817368ed10a07e12\">\n.flex_cell.av-r111xp-c7046817f86863c5817368ed10a07e12{\nvertical-align:middle;\n}\n.responsive #top #wrap_all .flex_cell.av-r111xp-c7046817f86863c5817368ed10a07e12{\npadding:100px 100px 100px 100px !important;\n}\n<\/style>\n<div class='flex_cell av-r111xp-c7046817f86863c5817368ed10a07e12 av-gridrow-cell av_one_half no_margin  avia-builder-el-10  el_after_av_cell_one_half  avia-builder-el-last '  ><div class='flex_cell_inner'><p>\n<style type=\"text\/css\" data-created_by=\"avia_inline_auto\" id=\"style-css-av-l039xos9-0ad119863a5d19c19d6264457f76b1b6\">\n#top .av-special-heading.av-l039xos9-0ad119863a5d19c19d6264457f76b1b6{\npadding-bottom:20px;\nfont-size:50px;\n}\nbody .av-special-heading.av-l039xos9-0ad119863a5d19c19d6264457f76b1b6 .av-special-heading-tag .heading-char{\nfont-size:25px;\n}\n#top #wrap_all .av-special-heading.av-l039xos9-0ad119863a5d19c19d6264457f76b1b6 .av-special-heading-tag{\nfont-size:50px;\n}\n.av-special-heading.av-l039xos9-0ad119863a5d19c19d6264457f76b1b6 .av-subheading{\nfont-size:15px;\n}\n\n@media only screen and (min-width: 480px) and (max-width: 767px){ \n#top #wrap_all .av-special-heading.av-l039xos9-0ad119863a5d19c19d6264457f76b1b6 .av-special-heading-tag{\nfont-size:0.8em;\n}\n}\n\n@media only screen and (max-width: 479px){ \n#top #wrap_all .av-special-heading.av-l039xos9-0ad119863a5d19c19d6264457f76b1b6 .av-special-heading-tag{\nfont-size:0.8em;\n}\n}\n<\/style>\n<div  class='av-special-heading av-l039xos9-0ad119863a5d19c19d6264457f76b1b6 av-special-heading-h1 blockquote modern-quote  avia-builder-el-11  el_before_av_textblock  avia-builder-el-first  av-inherit-size'><h1 class='av-special-heading-tag '  itemprop=\"headline\"  >Dise\u00f1o personalizado<\/h1><div class=\"special-heading-border\"><div class=\"special-heading-inner-border\"><\/div><\/div><\/div><br \/>\n<section  class='av_textblock_section av-6tjes6l-b9c3ed8a590d05b9dd32b6c1ed637d73 '   itemscope=\"itemscope\" itemtype=\"https:\/\/schema.org\/CreativeWork\" ><div class='avia_textblock'  itemprop=\"text\" ><p>Seg\u00fan las necesidades (duraci\u00f3n, capacidad de carga, cantidad, precio, etc.)<\/p>\n<\/div><\/section><\/p>\n<\/div><\/div>\n<\/div><\/p>\n","protected":false},"excerpt":{"rendered":"","protected":false},"author":1,"featured_media":0,"parent":0,"menu_order":0,"comment_status":"closed","ping_status":"closed","template":"","meta":{"footnotes":""},"class_list":["post-15533","page","type-page","status-publish","hentry"],"_links":{"self":[{"href":"https:\/\/metcorpperu.com\/index.php?rest_route=\/wp\/v2\/pages\/15533"}],"collection":[{"href":"https:\/\/metcorpperu.com\/index.php?rest_route=\/wp\/v2\/pages"}],"about":[{"href":"https:\/\/metcorpperu.com\/index.php?rest_route=\/wp\/v2\/types\/page"}],"author":[{"embeddable":true,"href":"https:\/\/metcorpperu.com\/index.php?rest_route=\/wp\/v2\/users\/1"}],"replies":[{"embeddable":true,"href":"https:\/\/metcorpperu.com\/index.php?rest_route=%2Fwp%2Fv2%2Fcomments&post=15533"}],"version-history":[{"count":4,"href":"https:\/\/metcorpperu.com\/index.php?rest_route=\/wp\/v2\/pages\/15533\/revisions"}],"predecessor-version":[{"id":15745,"href":"https:\/\/metcorpperu.com\/index.php?rest_route=\/wp\/v2\/pages\/15533\/revisions\/15745"}],"wp:attachment":[{"href":"https:\/\/metcorpperu.com\/index.php?rest_route=%2Fwp%2Fv2%2Fmedia&parent=15533"}],"curies":[{"name":"wp","href":"https:\/\/api.w.org\/{rel}","templated":true}]}}